{"id":1697,"date":"2020-06-12T14:48:01","date_gmt":"2020-06-12T14:48:01","guid":{"rendered":"http:\/\/www.lexalko.com\/?page_id=1697"},"modified":"2020-08-10T08:01:15","modified_gmt":"2020-08-10T08:01:15","slug":"servis","status":"publish","type":"page","link":"https:\/\/lexalko.com\/index.php\/servis\/","title":{"rendered":"Servis"},"content":{"rendered":"<div class=\"wpb-content-wrapper\"><p>[vc_row][vc_column width=&#8221;1\/2&#8243;][vc_custom_heading text=&#8221;Servis&#8221; font_container=&#8221;tag:h1|text_align:left|color:%23000000&#8243; google_fonts=&#8221;font_family:Open%20Sans%3A300%2C300italic%2Cregular%2Citalic%2C600%2C600italic%2C700%2C700italic%2C800%2C800italic|font_style:600%20bold%20regular%3A600%3Anormal&#8221;][vc_separator color=&#8221;custom&#8221; align=&#8221;align_left&#8221; border_width=&#8221;5&#8243; el_width=&#8221;10&#8243; accent_color=&#8221;#f99422&#8243;][\/vc_column][vc_column width=&#8221;1\/2&#8243;][\/vc_column][\/vc_row][vc_row][vc_column][vc_column_text]Lexalko disponon paisje dhe personel t\u00eb aft\u00eb p\u00ebr remont t\u00eb plot\u00eb mekanik, mir\u00ebmbajtje, testim dhe \u00ebsht\u00eb e pajisur plot\u00ebsisht p\u00ebr kryerjen e inspektimeve.<\/p>\n<p>Lexalko ju mund\u00ebson, pajisjen e makineris\u00eb suaj Liebherrme Librin e Sh\u00ebrbimit me an\u00eb t\u00eb t\u00eb cilit mund t\u00eb informoheni p\u00ebr sh\u00ebrbimet periodike si edhe t\u00eb mbani rekorde t\u00eb sh\u00ebrbimeve t\u00eb kryera n\u00eb vite.<\/p>\n<p>Stafi jon\u00eb \u00ebsht\u00eb i gatsh\u00ebm t&#8217;ju japi konsulenc\u00ebn e duhur prefesionale, per blerjen e makineris\u00eb suaj sipas nevoja q\u00eb do ta perdorni.<\/p>\n<p>[\/vc_column_text][\/vc_column][\/vc_row][vc_row][vc_column width=&#8221;1\/2&#8243;][vc_single_image image=&#8221;999&#8243; img_size=&#8221;350&#215;300&#8243;][\/vc_column][vc_column width=&#8221;1\/2&#8243;][vc_single_image image=&#8221;996&#8243; img_size=&#8221;350&#215;300&#8243;][\/vc_column][\/vc_row]<\/p>\n<\/div>","protected":false},"excerpt":{"rendered":"<p>[vc_row][vc_column width=&#8221;1\/2&#8243;][vc_custom_heading text=&#8221;Servis&#8221; font_container=&#8221;tag:h1|text_align:left|color:%23000000&#8243; google_fonts=&#8221;font_family:Open%20Sans%3A300%2C300italic%2Cregular%2Citalic%2C600%2C600italic%2C700%2C700italic%2C800%2C800italic|font_style:600%20bold%20regular%3A600%3Anormal&#8221;][vc_separator color=&#8221;custom&#8221; align=&#8221;align_left&#8221; border_width=&#8221;5&#8243; el_width=&#8221;10&#8243; accent_color=&#8221;#f99422&#8243;][\/vc_column][vc_column width=&#8221;1\/2&#8243;][\/vc_column][\/vc_row][vc_row][vc_column][vc_column_text]Lexalko disponon paisje dhe personel t\u00eb aft\u00eb p\u00ebr remont t\u00eb plot\u00eb mekanik, mir\u00ebmbajtje, testim dhe \u00ebsht\u00eb e pajisur plot\u00ebsisht p\u00ebr kryerjen e inspektimeve. Lexalko ju mund\u00ebson, pajisjen e makineris\u00eb suaj Liebherrme Librin e Sh\u00ebrbimit me an\u00eb t\u00eb t\u00eb cilit mund t\u00eb informoheni p\u00ebr sh\u00ebrbimet periodike&hellip;<\/p>\n","protected":false},"author":7,"featured_media":0,"parent":0,"menu_order":0,"comment_status":"closed","ping_status":"closed","template":"","meta":{"_joinchat":[],"footnotes":""},"class_list":["post-1697","page","type-page","status-publish","hentry","description-off"],"_links":{"self":[{"href":"https:\/\/lexalko.com\/index.php\/wp-json\/wp\/v2\/pages\/1697","targetHints":{"allow":["GET"]}}],"collection":[{"href":"https:\/\/lexalko.com\/index.php\/wp-json\/wp\/v2\/pages"}],"about":[{"href":"https:\/\/lexalko.com\/index.php\/wp-json\/wp\/v2\/types\/page"}],"author":[{"embeddable":true,"href":"https:\/\/lexalko.com\/index.php\/wp-json\/wp\/v2\/users\/7"}],"replies":[{"embeddable":true,"href":"https:\/\/lexalko.com\/index.php\/wp-json\/wp\/v2\/comments?post=1697"}],"version-history":[{"count":15,"href":"https:\/\/lexalko.com\/index.php\/wp-json\/wp\/v2\/pages\/1697\/revisions"}],"predecessor-version":[{"id":2179,"href":"https:\/\/lexalko.com\/index.php\/wp-json\/wp\/v2\/pages\/1697\/revisions\/2179"}],"wp:attachment":[{"href":"https:\/\/lexalko.com\/index.php\/wp-json\/wp\/v2\/media?parent=1697"}],"curies":[{"name":"wp","href":"https:\/\/api.w.org\/{rel}","templated":true}]}}