{"id":1966,"date":"2020-07-29T10:40:52","date_gmt":"2020-07-29T10:40:52","guid":{"rendered":"http:\/\/www.lexalko.com\/?page_id=1966"},"modified":"2020-08-11T12:08:09","modified_gmt":"2020-08-11T12:08:09","slug":"esco","status":"publish","type":"page","link":"https:\/\/lexalko.com\/index.php\/esco\/","title":{"rendered":"Esco"},"content":{"rendered":"<div class=\"wpb-content-wrapper\"><p>[vc_row][vc_column width=&#8221;1\/2&#8243;][vc_custom_heading text=&#8221;Esco&#8221; font_container=&#8221;tag:h1|text_align:left|color:%23000000&#8243; google_fonts=&#8221;font_family:Open%20Sans%3A300%2C300italic%2Cregular%2Citalic%2C600%2C600italic%2C700%2C700italic%2C800%2C800italic|font_style:600%20bold%20regular%3A600%3Anormal&#8221;][vc_separator color=&#8221;custom&#8221; align=&#8221;align_left&#8221; border_width=&#8221;5&#8243; el_width=&#8221;10&#8243; accent_color=&#8221;#f99422&#8243;][vc_column_text]ESCO u themelua n\u00eb vitin 1913 nga biznesmeni Oregon Charles (C. F.) S\u00ebigert si nj\u00eb burim lokai derdhjes s\u00eb \u00e7elikut. Kompania e fonderis\u00eb elektrike, u themelua n\u00eb pron\u00ebn e pushtuar dikur nga Le\u00ebis dhe Clark n\u00eb vitin 1905. Fonderia p\u00ebrdorte nj\u00eb furr\u00eb moderne t\u00eb pazakont\u00eb, e cila u ndez nga energjia elektrike dhe jo nga koksi, duke e b\u00ebr\u00eb at\u00eb t\u00eb par\u00ebn e k\u00ebtij lloji n\u00eb Shtetet e Bashkuara.<\/p>\n<p>Gjat\u00eb 30 viteve t\u00eb para, ESCO ishte kryesisht nj\u00eb furnizues rajonal i produkteve t\u00eb aliazhit prej \u00e7eliku p\u00ebr prerjet, nd\u00ebrtimin dhe industrin\u00eb e letr\u00ebs n\u00eb t\u00eb gjith\u00eb Paq\u00ebsorin Veriper\u00ebndimor. N\u00eb vitet 1920, kompania zgjeroi prodhimin p\u00ebr t\u00eb p\u00ebrfshir\u00eb produkte aliazh \u00e7eliku si fiksuesin (grepin) Bardon, t\u00eb p\u00ebrdorur gjer\u00ebsisht n\u00eb pylltari. Rritja e m\u00ebtejshme u nxit nga p\u00ebrdorimi i \u00e7elikut t\u00eb manganit Hadfield dhe prodhimi i kovave t\u00eb ekskavator\u00ebve. Marka tregtare ESCO u p\u00ebrdor p\u00ebr her\u00eb t\u00eb par\u00eb n\u00eb vitin 1926 dhe p\u00ebrfundimisht u b\u00eb emri i ri i kompanis\u00eb.<\/p>\n<p>ESCO i mbijetoi Depresionit t\u00eb Madh kryesisht si nj\u00eb fonderi p\u00ebr pun\u00eb, duke b\u00ebr\u00eb kasta p\u00ebr sharre, pulp\u00eb dhe mullinj letre. N\u00eb vitin 1932, ESCO hapi qendr\u00ebn e par\u00eb t\u00eb sh\u00ebrbimit industrial t\u00eb \u00e7elikut inox. Gjat\u00eb viteve 1940, ESCO shtoi produkte t\u00eb reja p\u00ebr t\u00eb p\u00ebrmbushur k\u00ebrkes\u00ebn p\u00ebr valvola furnizimi, trupa pompash, zinxhir\u00eb spirancash dhe p\u00ebrb\u00ebr\u00ebs t\u00eb tjer\u00eb p\u00ebr anije luftarake dhe tanke. N\u00eb 1946, ESCO zhvilloi sistemin e dh\u00ebmb\u00ebve me dy cop\u00eb dhe, m\u00eb 1948, kompania hyri n\u00eb tregun e kovave t\u00eb ekskavator\u00ebve.<\/p>\n<p>P\u00ebr shkak t\u00eb rritjes s\u00eb tregjeve t\u00eb minierave dhe t\u00eb nd\u00ebrtimit pas luft\u00ebs, ESCO nisi produkte t\u00eb reja dhe hapi fabrika shtes\u00eb, zyra shitjesh, filiale dhe licensa, duke p\u00ebrfshir\u00eb nj\u00eb struktur\u00eb shp\u00ebrndarjeje n\u00eb per\u00ebndim n\u00eb Danville, Illinois dhe nj\u00eb fonderi n\u00eb British Columbia. Kompania miratoi gjithashtu metoda t\u00eb reja prodhimi, inspektimi etj.<\/p>\n<p>Gjat\u00eb viteve 1960 dhe 1970, ESCO zgjeroi prodhimin e kovave dhe lopat\u00eb zhyt\u00ebse. Kompania gjithashtu nisi nj\u00eb sistem t\u00eb dh\u00ebmb\u00ebve Conical me dy pjes\u00eb dhe filloi t\u00eb p\u00ebrdor\u00eb the argon oxygen decarburization (AOD) dhe proceset e formimit t\u00eb vakumit. Gjat\u00eb viteve 1970, ESCO hapi nj\u00eb fonderi t\u00eb automatizuar n\u00eb Ne\u00ebton, Mississippi dhe nj\u00eb fonderi t\u00eb dyt\u00eb kanadeze n\u00eb Ontario.<\/p>\n<p>Gjat\u00eb fillimit t\u00eb viteve 1980, ESCO lancoi sistemin e saj t\u00eb mbylljes dhe bllokimit t\u00eb Helilok dhe gjithashtu fitoi Grey-Siracuse dhe Concorde Castings facilities leht\u00ebsira t\u00eb investimeve q\u00eb sh\u00ebrbejn\u00eb p\u00ebr hap\u00ebsir\u00ebn ajrore dhe industrit\u00eb e gjenerimit t\u00eb energjis\u00eb.<\/p>\n<p>N\u00eb 1983 ESCO bleu Hyster Company, dhe m\u00eb pas e shiti n\u00eb 1989 n\u00eb NACCO Industries.<\/p>\n<p>Gjat\u00eb viteve 1990, ESCO zgjeroi operacionet n\u00eb Shtetet e Bashkuara, Mbret\u00ebrin\u00eb e Bashkuar dhe Kanada dhe hyri n\u00eb nj\u00eb nd\u00ebrmarrje t\u00eb p\u00ebrbashk\u00ebt p\u00ebr t\u00eb prodhuar produkte n\u00eb Kin\u00eb. Kompania gjithashtu bleu Heflin Steel, kompanie e cila prodhon pllaka t\u00eb blinduara. ESCO prezantoi gjithashtu sistemin e dh\u00ebmb\u00ebve Super V.<\/p>\n<p>Blerjer shtes\u00eb si kualiteti I Celikut, jan\u00eb n\u00eb sh\u00ebnjest\u00ebr p\u00ebr t&#8217;i sh\u00ebrbyer tregut t\u00eb r\u00ebrave t\u00eb naft\u00ebs. ESCO ka shtuar gjithashtu facilitetet ne fush\u00ebn e aruanutik\u00ebs dhe t\u00eb gjenerimit t\u00eb energjis\u00eb n\u00eb Belgjik\u00eb. N\u00eb Sllovaki dhe ka nd\u00ebrtuar objekte t\u00eb reja n\u00eb Meksik\u00eb dhe Xuzhou, Kin\u00eb. N\u00eb vitin 2008, ESCO prezantoi sistemin e dh\u00ebmb\u00ebve SV2, sistemin e bllokimit t\u00eb \u00e7eki\u00e7ave \u00cbhisler Plus, dhe sistemin e dh\u00ebmb\u00ebve Ultralok.<\/p>\n<p>N\u00eb 2006 dhe 2008, ESCO u em\u00ebrua n\u00eb mesin e kompanive m\u00eb t\u00eb admiruara t\u00eb prodhimit Oregon, sipas nj\u00eb studimi t\u00eb Portland Business Journal t\u00eb m\u00eb shum\u00eb se 2,000 CEO-ve t\u00eb Oregon. Kompania njoftoi planet p\u00ebr nj\u00eb ofert\u00eb fillestare publike n\u00eb maj 2011 q\u00eb mund t\u00eb mblidhte sa m\u00eb shum\u00eb si 175 milion dollar\u00eb. Kompania anuloi planet p\u00ebr nj\u00eb IPO n\u00eb maj 2013.<\/p>\n<p>M\u00eb 28 Dhjetor 2012, Esco shiti Turbine Technologies Group (Esco-TTG) tek Produkte t\u00eb Konsoliduara t\u00eb Precizionit (CPP). Shitja p\u00ebrb\u00ebhej nga Esco TT Belgjik\u00eb, Esco TT Cleveland, Esco TT Meksik\u00eb, Esco TT Siracuse, Sllovaki Bimore, Facility Machining Esco Tempe dhe Orizan\u00ebt e Orikut t\u00eb \u00e7elikut t\u00eb NY. CPP \u00ebsht\u00eb nj\u00eb kompani portofolesh e \u00cbarburg Pincus.<\/p>\n<p>ESCO njoftoi blerjen e Ulterra Drilling Technologies L.P me baz\u00eb n\u00eb Teksas n\u00eb Gusht 2012 n\u00eb nj\u00eb marr\u00ebveshje t\u00eb vler\u00ebsuar n\u00eb 325 milion dollar\u00eb. N\u00eb vitin 2014, ESCO fitoi nj\u00eb kompani tjet\u00ebr me baz\u00eb n\u00eb Teksas, Stabiltec Do\u00ebnhole Tools, LLC.,duke shtuar m\u00eb tej portofolin e naft\u00ebs dhe gazit t\u00eb kompanis\u00eb.<\/p>\n<p>M\u00eb 19 Prill 2018 ESCO lidhi nj\u00eb marr\u00ebveshje p\u00ebr t&#8217;u marr\u00eb nga \u00cbeir Group PLC, nj\u00eb nga bizneset kryesore t\u00eb inxhinieris\u00eb n\u00eb bot\u00eb, p\u00ebr nj\u00eb vler\u00eb nd\u00ebrmarrjeje prej 1.285 miliard\u00eb dollar\u00eb. Blerja u p\u00ebrfundua n\u00eb 12 korrik 2018.[\/vc_column_text]<div class=\" ubtn-ctn-left \"><a class=\"ubtn-link ult-adjust-bottom-margin ubtn-left ubtn-normal \" href=\"http:\/\/www.escocorp.com\/EN\/products\/Pages\/default.aspx\" ><button type=\"button\" id=\"ubtn-7893\"  class=\"ubtn ult-adjust-bottom-margin ult-responsive ubtn-normal ubtn-no-hover-bg  none  ubtn-left   tooltip-69f25ef49baca\"  data-hover=\"\" data-border-color=\"\" data-bg=\"#f99422\" data-hover-bg=\"\" data-border-hover=\"\" data-shadow-hover=\"\" data-shadow-click=\"none\" data-shadow=\"\" data-shd-shadow=\"\"  data-ultimate-target='#ubtn-7893'  data-responsive-json-new='{\"font-size\":\"\",\"line-height\":\"\"}'  style=\"font-weight:normal;border:none;background: #f99422;color: #ffffff;\"><span class=\"ubtn-hover\" style=\"background-color:\"><\/span><span class=\"ubtn-data ubtn-text \" >Shiko m\u00eb shum\u00eb<\/span><\/button><\/a><\/div>[\/vc_column][vc_column width=&#8221;1\/2&#8243;][vc_single_image image=&#8221;1648&#8243; img_size=&#8221;full&#8221; alignment=&#8221;center&#8221;][\/vc_column][\/vc_row]<\/p>\n<\/div>","protected":false},"excerpt":{"rendered":"<p>[vc_row][vc_column width=&#8221;1\/2&#8243;][vc_custom_heading text=&#8221;Esco&#8221; font_container=&#8221;tag:h1|text_align:left|color:%23000000&#8243; google_fonts=&#8221;font_family:Open%20Sans%3A300%2C300italic%2Cregular%2Citalic%2C600%2C600italic%2C700%2C700italic%2C800%2C800italic|font_style:600%20bold%20regular%3A600%3Anormal&#8221;][vc_separator color=&#8221;custom&#8221; align=&#8221;align_left&#8221; border_width=&#8221;5&#8243; el_width=&#8221;10&#8243; accent_color=&#8221;#f99422&#8243;][vc_column_text]ESCO u themelua n\u00eb vitin 1913 nga biznesmeni Oregon Charles (C. F.) S\u00ebigert si nj\u00eb burim lokai derdhjes s\u00eb \u00e7elikut. Kompania e fonderis\u00eb elektrike, u themelua n\u00eb pron\u00ebn e pushtuar dikur nga Le\u00ebis dhe Clark n\u00eb vitin 1905. Fonderia p\u00ebrdorte nj\u00eb furr\u00eb moderne t\u00eb pazakont\u00eb, e&hellip;<\/p>\n","protected":false},"author":7,"featured_media":0,"parent":0,"menu_order":0,"comment_status":"closed","ping_status":"closed","template":"","meta":{"_joinchat":[],"footnotes":""},"class_list":["post-1966","page","type-page","status-publish","hentry","description-off"],"_links":{"self":[{"href":"https:\/\/lexalko.com\/index.php\/wp-json\/wp\/v2\/pages\/1966","targetHints":{"allow":["GET"]}}],"collection":[{"href":"https:\/\/lexalko.com\/index.php\/wp-json\/wp\/v2\/pages"}],"about":[{"href":"https:\/\/lexalko.com\/index.php\/wp-json\/wp\/v2\/types\/page"}],"author":[{"embeddable":true,"href":"https:\/\/lexalko.com\/index.php\/wp-json\/wp\/v2\/users\/7"}],"replies":[{"embeddable":true,"href":"https:\/\/lexalko.com\/index.php\/wp-json\/wp\/v2\/comments?post=1966"}],"version-history":[{"count":5,"href":"https:\/\/lexalko.com\/index.php\/wp-json\/wp\/v2\/pages\/1966\/revisions"}],"predecessor-version":[{"id":2279,"href":"https:\/\/lexalko.com\/index.php\/wp-json\/wp\/v2\/pages\/1966\/revisions\/2279"}],"wp:attachment":[{"href":"https:\/\/lexalko.com\/index.php\/wp-json\/wp\/v2\/media?parent=1966"}],"curies":[{"name":"wp","href":"https:\/\/api.w.org\/{rel}","templated":true}]}}