{"id":1987,"date":"2020-07-29T12:17:22","date_gmt":"2020-07-29T12:17:22","guid":{"rendered":"http:\/\/www.lexalko.com\/?page_id=1987"},"modified":"2020-07-29T12:17:29","modified_gmt":"2020-07-29T12:17:29","slug":"kontrolli-i-cilesise","status":"publish","type":"page","link":"https:\/\/lexalko.com\/index.php\/kontrolli-i-cilesise\/","title":{"rendered":"Kontrolli i Cilesise"},"content":{"rendered":"<div class=\"wpb-content-wrapper\"><p>[vc_row][vc_column][vc_custom_heading text=&#8221;Kontrollojme cilesine e vajrave dhe lubrifikanteve ne laboratoret e LIEBHERR&#8221; font_container=&#8221;tag:h2|text_align:left|color:%23000000&#8243; google_fonts=&#8221;font_family:Open%20Sans%3A300%2C300italic%2Cregular%2Citalic%2C600%2C600italic%2C700%2C700italic%2C800%2C800italic|font_style:400%20regular%3A400%3Anormal&#8221;][vc_separator color=&#8221;custom&#8221; align=&#8221;align_left&#8221; border_width=&#8221;4&#8243; el_width=&#8221;10&#8243; accent_color=&#8221;#f99422&#8243;][vc_column_text]<\/p>\n<p style=\"text-align: justify;\">Analizat e vajrave dhe lubrifikant\u00ebve b\u00ebhen n\u00eb funksion t\u00eb mir\u00ebmbajtejs s\u00eb makineris\u00eb suaj.P\u00ebr analizimin e gj\u00ebndjes s\u00eb vajit t\u00eb makineris\u00eb suaj Liebherr rekomandon kompanin\u00eb Oil Check ne Gjermani \u00a0Nj\u00eb kompani e panvarur dhe objektive me reputacion ne fush\u00ebn e analizave.K\u00ebto analiza mund t\u00eb vler\u00ebsojn\u00eb viskozitetin, % e metaleve t\u00eb d\u00ebmshme n\u00eb vaj, agjent\u00eb kimik t\u00eb d\u00ebmshem apo edhe papast\u00ebrti t\u00eb tjera t\u00eb cilat nuk duhet t\u00eb jen\u00eb pjes\u00eb e vajit.Nxjerrja e mostrave \u00ebsht\u00eb e leht\u00eb dhe \u00a0p\u00ebr k\u00ebt\u00eb kompania ofron informacion si edhe provezat e mostrave. Rezultatet jan\u00eb n\u00eb dispozicion online t\u00eb nes\u00ebrmen.Lexalko ju ofron t\u00eb gjith\u00eb kompanive t\u00eb cilat kane ne dispozicion makineri Liebherr t\u00eb cilat duan te testojne vajrat e makinerive te tyre, informacion e duhur si edhe konsulenc\u00ebn e nevojshme p\u00ebr marrjen e mostrave.<\/p>\n<p>[\/vc_column_text][\/vc_column][\/vc_row][vc_row][vc_column width=&#8221;1\/2&#8243;][vc_single_image image=&#8221;1070&#8243; img_size=&#8221;medium&#8221; alignment=&#8221;center&#8221; onclick=&#8221;link_image&#8221;][\/vc_column][vc_column width=&#8221;1\/2&#8243;][vc_single_image image=&#8221;1072&#8243; img_size=&#8221;medium&#8221; alignment=&#8221;center&#8221; onclick=&#8221;link_image&#8221;][\/vc_column][\/vc_row]<\/p>\n<\/div>","protected":false},"excerpt":{"rendered":"<p>[vc_row][vc_column][vc_custom_heading text=&#8221;Kontrollojme cilesine e vajrave dhe lubrifikanteve ne laboratoret e LIEBHERR&#8221; font_container=&#8221;tag:h2|text_align:left|color:%23000000&#8243; google_fonts=&#8221;font_family:Open%20Sans%3A300%2C300italic%2Cregular%2Citalic%2C600%2C600italic%2C700%2C700italic%2C800%2C800italic|font_style:400%20regular%3A400%3Anormal&#8221;][vc_separator color=&#8221;custom&#8221; align=&#8221;align_left&#8221; border_width=&#8221;4&#8243; el_width=&#8221;10&#8243; accent_color=&#8221;#f99422&#8243;][vc_column_text] Analizat e vajrave dhe lubrifikant\u00ebve b\u00ebhen n\u00eb funksion t\u00eb mir\u00ebmbajtejs s\u00eb makineris\u00eb suaj.P\u00ebr analizimin e gj\u00ebndjes s\u00eb vajit t\u00eb makineris\u00eb suaj Liebherr rekomandon kompanin\u00eb Oil Check ne Gjermani \u00a0Nj\u00eb kompani e panvarur dhe objektive me reputacion ne&hellip;<\/p>\n","protected":false},"author":7,"featured_media":0,"parent":0,"menu_order":0,"comment_status":"closed","ping_status":"closed","template":"","meta":{"_joinchat":[],"footnotes":""},"class_list":["post-1987","page","type-page","status-publish","hentry","description-off"],"_links":{"self":[{"href":"https:\/\/lexalko.com\/index.php\/wp-json\/wp\/v2\/pages\/1987","targetHints":{"allow":["GET"]}}],"collection":[{"href":"https:\/\/lexalko.com\/index.php\/wp-json\/wp\/v2\/pages"}],"about":[{"href":"https:\/\/lexalko.com\/index.php\/wp-json\/wp\/v2\/types\/page"}],"author":[{"embeddable":true,"href":"https:\/\/lexalko.com\/index.php\/wp-json\/wp\/v2\/users\/7"}],"replies":[{"embeddable":true,"href":"https:\/\/lexalko.com\/index.php\/wp-json\/wp\/v2\/comments?post=1987"}],"version-history":[{"count":1,"href":"https:\/\/lexalko.com\/index.php\/wp-json\/wp\/v2\/pages\/1987\/revisions"}],"predecessor-version":[{"id":1988,"href":"https:\/\/lexalko.com\/index.php\/wp-json\/wp\/v2\/pages\/1987\/revisions\/1988"}],"wp:attachment":[{"href":"https:\/\/lexalko.com\/index.php\/wp-json\/wp\/v2\/media?parent=1987"}],"curies":[{"name":"wp","href":"https:\/\/api.w.org\/{rel}","templated":true}]}}