{"id":2273,"date":"2020-10-22T15:57:07","date_gmt":"2020-10-22T15:57:07","guid":{"rendered":"http:\/\/www.lexalko.com\/?page_id=2273"},"modified":"2020-10-26T09:16:59","modified_gmt":"2020-10-26T09:16:59","slug":"strassmayr","status":"publish","type":"page","link":"https:\/\/lexalko.com\/index.php\/strassmayr\/","title":{"rendered":"Strassmayr"},"content":{"rendered":"<div class=\"wpb-content-wrapper\"><p>[vc_row][vc_column width=&#8221;1\/2&#8243;][vc_custom_heading text=&#8221;Strassmayr&#8221; font_container=&#8221;tag:h1|text_align:left|color:%23000000&#8243; google_fonts=&#8221;font_family:Open%20Sans%3A300%2C300italic%2Cregular%2Citalic%2C600%2C600italic%2C700%2C700italic%2C800%2C800italic|font_style:600%20bold%20regular%3A600%3Anormal&#8221;][vc_separator][vc_column_text]<\/p>\n<p style=\"text-align: justify;\"><strong>Strassmayr ekziston q\u00eb nga viti 1938<\/strong><\/p>\n<p style=\"text-align: justify;\">Historia e mark\u00ebs Strassmayr ka filluar n\u00eb Austri, m\u00eb shum\u00eb se 80 vjet m\u00eb par\u00eb, n\u00eb vitin 1938, n\u00eb nj\u00eb qytet t\u00eb vog\u00ebl Adlwang. Fillimisht kompania ishte e angazhuar n\u00eb trajtimin e metaleve.<\/p>\n<p style=\"text-align: justify;\">Fal\u00eb vendosm\u00ebris\u00eb s\u00eb familjes Strassmayr, si dhe mund\u00ebsive t\u00eb reja t\u00eb zhvillimit t\u00eb nd\u00ebrmarrjes, n\u00eb fund t\u00eb vitit 1965 &#8211; n\u00eb fillim t\u00eb vitit 1966 kompania prodhoi makin\u00ebn e par\u00eb t\u00eb sp\u00ebrkatjes s\u00eb bitumit, e drejtuar nga nj\u00eb traktor industrial u nd\u00ebrtua. Kjo ngjarje ishte nj\u00eb kapitull i ri n\u00eb historin\u00eb e kompanis\u00eb Strassmayr. Q\u00eb nga ajo koh\u00eb, veprimtaria e kompanis\u00eb kryesore ka qen\u00eb prodhimi i makinerive p\u00ebr nd\u00ebrtimin e rrug\u00ebve dhe riparimi.<\/p>\n<p style=\"text-align: justify;\"><strong>Zhvillim i vazhduesh\u00ebm<\/strong><\/p>\n<p style=\"text-align: justify;\">Q\u00eb nga fillimi i kompanis\u00eb, \u00e7\u00ebshtja kryesore ishte nj\u00eb zhvillim i vazhduesh\u00ebm i teknologjis\u00eb. Duke krijuar lloje t\u00eb reja t\u00eb teknik\u00ebs, kompania Strassmayr p\u00ebrcaktoi tendencat e reja n\u00eb nd\u00ebrtimin e rrug\u00ebve. Teknologjia e pun\u00ebs s\u00eb z\u00ebvend\u00ebsimit t\u00eb rrug\u00ebs, patching ose mbushjes s\u00eb \u00e7arjeve &#8211; k\u00ebto jan\u00eb vet\u00ebm disa nga zgjidhjet e zbatuara nga prodhuesi, t\u00eb cilat p\u00ebrdoren ende n\u00eb riparimin e rrug\u00ebve.<\/p>\n<p style=\"text-align: justify;\">P\u00ebr shkak t\u00eb funksionimit dinamik t\u00eb Qendr\u00ebs p\u00ebr Inovacion dhe Departamentit t\u00eb Dizajnit, kompania \u00e7do vit zbaton teknologji dhe ndryshime inovative, duke siguruar pozicione drejtuese p\u00ebr prodhuesin n\u00eb industri. N\u00eb funksion t\u00eb nj\u00eb zhvillimi t\u00eb vazhduesh\u00ebm t\u00eb kompanis\u00eb, u themelua Grupi Strassmayr, me nj\u00eb num\u00ebr vazhdimisht n\u00eb rritje t\u00eb klient\u00ebve. Makineria tipike e rrug\u00ebs portokalli \u00ebsht\u00eb b\u00ebr\u00eb nj\u00eb pjes\u00eb integrale e peizazheve t\u00eb projekteve evropiane dhe nd\u00ebrkomb\u00ebtare t\u00eb rrug\u00ebve.<\/p>\n<p style=\"text-align: justify;\">N\u00eb dit\u00ebt e sotme marka Strassmayr \u00ebsht\u00eb e lidhur me nj\u00eb makineri me cil\u00ebsi t\u00eb lart\u00eb dhe sh\u00ebrbim shtes\u00eb t\u00eb ofruar nga kompania. Qasja profesionale dhe e orientuar drejt cil\u00ebsis\u00eb konfirmohet nga \u00e7ertifikata dhe \u00e7mime t\u00eb shumta, t\u00eb dh\u00ebna kompanis\u00eb. Klient\u00ebt vler\u00ebsojn\u00eb produktet inovative, d\u00ebrgesat e shpejta dhe besueshm\u00ebrin\u00eb e sh\u00ebrbimeve.<\/p>\n<p>[\/vc_column_text]<div class=\" ubtn-ctn-left \"><a class=\"ubtn-link ult-adjust-bottom-margin ubtn-left ubtn-normal \" href=\"https:\/\/strassmayr.com\/\" ><button type=\"button\" id=\"ubtn-9244\"  class=\"ubtn ult-adjust-bottom-margin ult-responsive ubtn-normal ubtn-no-hover-bg  none  ubtn-left   tooltip-6a0439224a807\"  data-hover=\"\" data-border-color=\"\" data-bg=\"#f99422\" data-hover-bg=\"\" data-border-hover=\"\" data-shadow-hover=\"\" data-shadow-click=\"none\" data-shadow=\"\" data-shd-shadow=\"\"  data-ultimate-target='#ubtn-9244'  data-responsive-json-new='{\"font-size\":\"\",\"line-height\":\"\"}'  style=\"font-weight:normal;border:none;background: #f99422;color: #ffffff;\"><span class=\"ubtn-hover\" style=\"background-color:\"><\/span><span class=\"ubtn-data ubtn-text \" >Shiko m\u00eb shum\u00eb<\/span><\/button><\/a><\/div>[\/vc_column][vc_column width=&#8221;1\/2&#8243;][vc_single_image image=&#8221;2270&#8243; img_size=&#8221;full&#8221; alignment=&#8221;center&#8221;][vc_separator color=&#8221;white&#8221;][vc_video link=&#8221;https:\/\/www.youtube.com\/watch?v=awGassInkCU&amp;feature=emb_title&#8221; align=&#8221;right&#8221;][\/vc_column][\/vc_row]<\/p>\n<\/div>","protected":false},"excerpt":{"rendered":"<p>[vc_row][vc_column width=&#8221;1\/2&#8243;][vc_custom_heading text=&#8221;Strassmayr&#8221; font_container=&#8221;tag:h1|text_align:left|color:%23000000&#8243; google_fonts=&#8221;font_family:Open%20Sans%3A300%2C300italic%2Cregular%2Citalic%2C600%2C600italic%2C700%2C700italic%2C800%2C800italic|font_style:600%20bold%20regular%3A600%3Anormal&#8221;][vc_separator][vc_column_text] Strassmayr ekziston q\u00eb nga viti 1938 Historia e mark\u00ebs Strassmayr ka filluar n\u00eb Austri, m\u00eb shum\u00eb se 80 vjet m\u00eb par\u00eb, n\u00eb vitin 1938, n\u00eb nj\u00eb qytet t\u00eb vog\u00ebl Adlwang. Fillimisht kompania ishte e angazhuar n\u00eb trajtimin e metaleve. Fal\u00eb vendosm\u00ebris\u00eb s\u00eb familjes Strassmayr, si dhe mund\u00ebsive t\u00eb reja t\u00eb&hellip;<\/p>\n","protected":false},"author":7,"featured_media":0,"parent":0,"menu_order":0,"comment_status":"closed","ping_status":"closed","template":"","meta":{"_joinchat":[],"footnotes":""},"class_list":["post-2273","page","type-page","status-publish","hentry","description-off"],"_links":{"self":[{"href":"https:\/\/lexalko.com\/index.php\/wp-json\/wp\/v2\/pages\/2273","targetHints":{"allow":["GET"]}}],"collection":[{"href":"https:\/\/lexalko.com\/index.php\/wp-json\/wp\/v2\/pages"}],"about":[{"href":"https:\/\/lexalko.com\/index.php\/wp-json\/wp\/v2\/types\/page"}],"author":[{"embeddable":true,"href":"https:\/\/lexalko.com\/index.php\/wp-json\/wp\/v2\/users\/7"}],"replies":[{"embeddable":true,"href":"https:\/\/lexalko.com\/index.php\/wp-json\/wp\/v2\/comments?post=2273"}],"version-history":[{"count":6,"href":"https:\/\/lexalko.com\/index.php\/wp-json\/wp\/v2\/pages\/2273\/revisions"}],"predecessor-version":[{"id":2284,"href":"https:\/\/lexalko.com\/index.php\/wp-json\/wp\/v2\/pages\/2273\/revisions\/2284"}],"wp:attachment":[{"href":"https:\/\/lexalko.com\/index.php\/wp-json\/wp\/v2\/media?parent=2273"}],"curies":[{"name":"wp","href":"https:\/\/api.w.org\/{rel}","templated":true}]}}